{"id":14342,"date":"2026-01-30T07:35:02","date_gmt":"2026-01-30T07:35:02","guid":{"rendered":"https:\/\/fernwerkfilms.ch\/?page_id=14342"},"modified":"2026-04-07T14:15:36","modified_gmt":"2026-04-07T14:15:36","slug":"publications","status":"publish","type":"page","link":"https:\/\/fernwerkfilms.ch\/?page_id=14342","title":{"rendered":"Publications"},"content":{"rendered":"\t\t<div data-elementor-type=\"wp-page\" data-elementor-id=\"14342\" class=\"elementor elementor-14342\">\n\t\t\t\t<div class=\"elementor-element elementor-element-2c5d47af e-flex e-con-boxed e-con e-parent\" data-id=\"2c5d47af\" data-element_type=\"container\" data-e-type=\"container\">\n\t\t\t\t\t<div class=\"e-con-inner\">\n\t\t\t\t<div class=\"elementor-element elementor-element-477a1b88 elementor-widget elementor-widget-spacer\" data-id=\"477a1b88\" data-element_type=\"widget\" data-e-type=\"widget\" data-widget_type=\"spacer.default\">\n\t\t\t\t<div class=\"elementor-widget-container\">\n\t\t\t\t\t\t\t<div class=\"elementor-spacer\">\n\t\t\t<div class=\"elementor-spacer-inner\"><\/div>\n\t\t<\/div>\n\t\t\t\t\t\t<\/div>\n\t\t\t\t<\/div>\n\t\t\t\t\t<\/div>\n\t\t\t\t<\/div>\n\t\t<div class=\"elementor-element elementor-element-67927c7b e-flex e-con-boxed e-con e-parent\" data-id=\"67927c7b\" data-element_type=\"container\" data-e-type=\"container\">\n\t\t\t\t\t<div class=\"e-con-inner\">\n\t\t<div class=\"elementor-element elementor-element-29645abd e-con-full e-flex e-con e-child\" data-id=\"29645abd\" data-element_type=\"container\" data-e-type=\"container\">\n\t\t\t\t<div class=\"elementor-element elementor-element-0dcff82 elementor-widget elementor-widget-image\" data-id=\"0dcff82\" data-element_type=\"widget\" data-e-type=\"widget\" data-widget_type=\"image.default\">\n\t\t\t\t<div class=\"elementor-widget-container\">\n\t\t\t\t\t\t\t\t\t\t\t\t\t\t\t<img decoding=\"async\" width=\"220\" height=\"219\" src=\"https:\/\/fernwerkfilms.ch\/wp-content\/uploads\/2025\/06\/Stimulsecontrol.png\" class=\"attachment-large size-large wp-image-12990\" alt=\"\" srcset=\"https:\/\/fernwerkfilms.ch\/wp-content\/uploads\/2025\/06\/Stimulsecontrol.png 220w, https:\/\/fernwerkfilms.ch\/wp-content\/uploads\/2025\/06\/Stimulsecontrol-150x150.png 150w\" sizes=\"(max-width: 220px) 100vw, 220px\" \/>\t\t\t\t\t\t\t\t\t\t\t\t\t\t\t<\/div>\n\t\t\t\t<\/div>\n\t\t\t\t<\/div>\n\t\t<div class=\"elementor-element elementor-element-3fe1093f e-con-full e-flex e-con e-child\" data-id=\"3fe1093f\" data-element_type=\"container\" data-e-type=\"container\">\n\t\t\t\t<div class=\"elementor-element elementor-element-3558f0a1 elementor-widget elementor-widget-heading\" data-id=\"3558f0a1\" data-element_type=\"widget\" data-e-type=\"widget\" data-widget_type=\"heading.default\">\n\t\t\t\t<div class=\"elementor-widget-container\">\n\t\t\t\t\t<h2 class=\"elementor-heading-title elementor-size-default\">Publications<\/h2>\t\t\t\t<\/div>\n\t\t\t\t<\/div>\n\t\t\t\t<\/div>\n\t\t<div class=\"elementor-element elementor-element-c31ea51 e-con-full e-flex e-con e-child\" data-id=\"c31ea51\" data-element_type=\"container\" data-e-type=\"container\">\n\t\t<div class=\"elementor-element elementor-element-1b846bb e-con-full e-flex e-con e-child\" data-id=\"1b846bb\" data-element_type=\"container\" data-e-type=\"container\">\n\t\t\t\t<\/div>\n\t\t\t\t<\/div>\n\t\t\t\t\t<\/div>\n\t\t\t\t<\/div>\n\t\t<div class=\"elementor-element elementor-element-24ccc2b e-flex e-con-boxed e-con e-parent\" data-id=\"24ccc2b\" data-element_type=\"container\" data-e-type=\"container\">\n\t\t\t\t\t<div class=\"e-con-inner\">\n\t\t\t\t<div class=\"elementor-element elementor-element-93142b7 elementor-widget elementor-widget-text-editor\" data-id=\"93142b7\" data-element_type=\"widget\" data-e-type=\"widget\" data-widget_type=\"text-editor.default\">\n\t\t\t\t<div class=\"elementor-widget-container\">\n\t\t\t\t\t\t\t\t\t<p><a href=\"https:\/\/parkinsonseurope.org\/parkinsonslife\/people-dont-talk-about-it-new-film-explores-impulse-control-disorders-in-parkinsons\/\"><strong>&#8220;People Don&#8217;t Talk About it&#8221;<\/strong>\u00a0 <\/a>Verity Willcocks Parkinson&#8217;s Europe<\/p><p><strong>Debove, I., Paschen, S., Amstutz, D., Cardoso, F., Corvol, J.-C., Fung, V.S.C., Lang, A.E., Martinez Martin, P., Rodr\u00edguez-Oroz, M.C., Weintraub, D., Krack, P., Deuschl, G. and and the Members of the ICBD in PD Management Consensus Group (2024), Management of Impulse Control and Related Disorders in Parkinson&#8217;s Disease: An Expert Consensus. Mov Disord, 39: 235-248. <a href=\"https:\/\/doi.org\/10.1002\/mds.29700\">https:\/\/doi.org\/10.1002\/mds.29700<\/a><\/strong><\/p>\t\t\t\t\t\t\t\t<\/div>\n\t\t\t\t<\/div>\n\t\t\t\t\t<\/div>\n\t\t\t\t<\/div>\n\t\t<div class=\"elementor-element elementor-element-8c03517 e-flex e-con-boxed e-con e-parent\" data-id=\"8c03517\" data-element_type=\"container\" data-e-type=\"container\">\n\t\t\t\t\t<div class=\"e-con-inner\">\n\t\t\t\t<div class=\"elementor-element elementor-element-05a0f76 elementor-widget elementor-widget-text-editor\" data-id=\"05a0f76\" data-element_type=\"widget\" data-e-type=\"widget\" data-widget_type=\"text-editor.default\">\n\t\t\t\t<div class=\"elementor-widget-container\">\n\t\t\t\t\t\t\t\t\t<p><strong>Amstutz D, Paschen S, Lachenmayer ML, Maradan-Gachet ME, Deuschl G, Krack P, Debove<\/strong> I. Management of Impulse Control Disorders with Subthalamic Nucleus Deep Brain Stimulation in Parkinson&#8217;s Disease. CNS Neurol Disord Drug Targets. 2020;19(8):611-617. doi: 10.2174\/1871527319666200720105553. PMID: 32691720.<\/p>\t\t\t\t\t\t\t\t<\/div>\n\t\t\t\t<\/div>\n\t\t\t\t\t<\/div>\n\t\t\t\t<\/div>\n\t\t<div class=\"elementor-element elementor-element-398ae2f e-flex e-con-boxed e-con e-parent\" data-id=\"398ae2f\" data-element_type=\"container\" data-e-type=\"container\">\n\t\t\t\t\t<div class=\"e-con-inner\">\n\t\t\t\t<div class=\"elementor-element elementor-element-fa54b49 elementor-widget elementor-widget-text-editor\" data-id=\"fa54b49\" data-element_type=\"widget\" data-e-type=\"widget\" data-widget_type=\"text-editor.default\">\n\t\t\t\t<div class=\"elementor-widget-container\">\n\t\t\t\t\t\t\t\t\t<p style=\"font-weight: 400;\">Weintraub D, Koester J, Potenza MN, Siderowf AD, Stacy M, Voon V, Whetteckey J, Wunderlich GR, Lang AE. Impulse control disorders in Parkinson disease: a cross-sectional study of 3090 patients. Arch Neurol. 2010 May;67(5):589-95. doi: 10.1001\/archneurol.2010.65. PMID: 20457959.<\/p><p style=\"font-weight: 400;\">\u00a0<\/p><p style=\"font-weight: 400;\">Antonini A, Barone P, Bonuccelli U, Annoni K, Asgharnejad M, Stanzione P. ICARUS study: prevalence and clinical features of impulse control disorders in Parkinson&#8217;s disease. J Neurol Neurosurg Psychiatry. 2017 Apr;88(4):317-324. doi: 10.1136\/jnnp-2016-315277. Erratum in: J Neurol Neurosurg Psychiatry. 2024 Mar 13;95(4):e2. doi: 10.1136\/jnnp-2016-315277corr1. PMID: 28315845.<\/p><p style=\"font-weight: 400;\">\u00a0<\/p><p style=\"font-weight: 400;\">Smith KM, Xie SX, Weintraub D. Incident impulse control disorder symptoms and dopamine transporter imaging in Parkinson disease. J Neurol Neurosurg Psychiatry. 2016 Aug;87(8):864-70. doi: 10.1136\/jnnp-2015-311827. Epub 2015 Nov 3. PMID: 26534930; PMCID: PMC4854795.<\/p><p style=\"font-weight: 400;\">\u00a0<\/p><p style=\"font-weight: 400;\">Lhomm\u00e9e E, Klinger H, Thobois S, Schmitt E, Ardouin C, Bichon A, Kistner A, Fraix V, Xie J, Aya Kombo M, Chabard\u00e8s S, Seigneuret E, Benabid AL, Mertens P, Polo G, Carnicella S, Quesada JL, Bosson JL, Broussolle E, Pollak P, Krack P. Subthalamic stimulation in Parkinson&#8217;s disease: restoring the balance of motivated behaviours. Brain. 2012 May;135(Pt 5):1463-77. doi: 10.1093\/brain\/aws078. Epub 2012 Apr 15. PMID: 22508959.<\/p><p style=\"font-weight: 400;\">\u00a0<\/p><p style=\"font-weight: 400;\">Martinez-Fernandez R, Pelissier P, Quesada JL, Klinger H, Lhomm\u00e9e E, Schmitt E, Fraix V, Chabardes S, Mertens P, Castrioto A, Kistner A, Broussolle E, Pollak P, Thobois S, Krack P. Postoperative apathy can neutralise benefits in quality of life after subthalamic stimulation for Parkinson&#8217;s disease. J Neurol Neurosurg Psychiatry. 2016 Mar;87(3):311-8. doi: 10.1136\/jnnp-2014-310189. Epub 2015 Apr 30. PMID: 25934016.<\/p><p style=\"font-weight: 400;\">\u00a0<\/p><p style=\"font-weight: 400;\">Lhomm\u00e9e E, Wojtecki L, Czernecki V, Witt K, Maier F, Tonder L, Timmermann L, H\u00e4lbig TD, Pineau F, Durif F, Witjas T, Pinsker M, Mehdorn M, Sixel-D\u00f6ring F, Kupsch A, Kr\u00fcger R, Elben S, Chabard\u00e8s S, Thobois S, Brefel-Courbon C, Ory-Magne F, Regis JM, Malt\u00eate D, Sauvaget A, Rau J, Schnitzler A, Sch\u00fcpbach M, Schade-Brittinger C, Deuschl G, Houeto JL, Krack P; EARLYSTIM study group. Behavioural outcomes of subthalamic stimulation and medical therapy versus medical therapy alone for Parkinson&#8217;s disease with early motor complications (EARLYSTIM trial): secondary analysis of an open-label randomised trial. Lancet Neurol. 2018 Mar;17(3):223-231. doi: 10.1016\/S1474-4422(18)30035-8. PMID: 29452685.<\/p><p style=\"font-weight: 400;\">\u00a0<\/p><p style=\"font-weight: 400;\">Weintraub D, Mamikonyan E, Papay K, Shea JA, Xie SX, Siderowf A. Questionnaire for Impulsive-Compulsive Disorders in Parkinson&#8217;s Disease-Rating Scale. Mov Disord. 2012 Feb;27(2):242-7. doi: 10.1002\/mds.24023. Epub 2011 Dec 1. PMID: 22134954; PMCID: PMC3537263.<\/p><p style=\"font-weight: 400;\">\u00a0<\/p><p style=\"font-weight: 400;\">Ardouin C, Voon V, Worbe Y, Abouazar N, Czernecki V, Hosseini H, Pelissolo A, Moro E, Lhomm\u00e9e E, Lang AE, Agid Y, Benabid AL, Pollak P, Mallet L, Krack P. Pathological gambling in Parkinson&#8217;s disease improves on chronic subthalamic nucleus stimulation. Mov Disord. 2006 Nov;21(11):1941-6. doi: 10.1002\/mds.21098. PMID: 16972268.<\/p><p style=\"font-weight: 400;\">\u00a0<\/p><p style=\"font-weight: 400;\">Eusebio A, Witjas T, Cohen J, Fluch\u00e8re F, Jouve E, R\u00e9gis J, Azulay JP. Subthalamic nucleus stimulation and compulsive use of dopaminergic medication in Parkinson&#8217;s disease. J Neurol Neurosurg Psychiatry. 2013 Aug;84(8):868-74. doi: 10.1136\/jnnp-2012-302387. Epub 2013 Feb 27. PMID: 23447648.<\/p><p style=\"font-weight: 400;\">\u00a0<\/p><p style=\"font-weight: 400;\">Hernandez-Con P, Lin I, Mamikonyan E, Deeb W, Feldman R, Althouse A, Barmore R, Eisinger RS, Spindler M, Okun MS, Weintraub D, Chahine LM. Course of Impulse Control Disorder Symptoms in Parkinson&#8217;s Disease: Deep Brain Stimulation Versus Medications. Mov Disord Clin Pract. 2023 May 5;10(6):903-913. doi: 10.1002\/mdc3.13738. PMID: 37332637; PMCID: PMC10272921.<\/p><p style=\"font-weight: 400;\">\u00a0<\/p><p style=\"font-weight: 400;\">Santin MDN, Voulleminot P, Vrillon A, Hainque E, B\u00e9reau M, Lagha-Boukbiza O, Wirth T, Montaut S, Bardinet E, Kyheng M, Rolland AS, Voirin J, Drapier S, Durif F, Eusebio A, Giordana C, Auzou N, Houeto JL, Hubsch C, Jarraya B, Laurencin C, Maltete D, Meyer M, Rascol O, Rouaud T, Tir M, Moreau C, Corvol JC, Proust F, Grabli D, Devos D, Tranchant C, Anheim M; Predistim Study Group. Impact of Subthalamic Deep Brain Stimulation on Impulse Control Disorders in Parkinson&#8217;s Disease: A Prospective Study. Mov Disord. 2021 Mar;36(3):750-757. doi: 10.1002\/mds.28320. Epub 2020 Oct 6. PMID: 33022101.<\/p>\t\t\t\t\t\t\t\t<\/div>\n\t\t\t\t<\/div>\n\t\t\t\t\t<\/div>\n\t\t\t\t<\/div>\n\t\t\t\t<\/div>\n\t\t","protected":false},"excerpt":{"rendered":"<p>Publications &#8220;People Don&#8217;t Talk About it&#8221;\u00a0 Verity Willcocks Parkinson&#8217;s Europe Debove, I., Paschen, S., Amstutz, D., Cardoso, F., Corvol, J.-C., Fung, V.S.C., Lang, A.E., Martinez Martin, P., Rodr\u00edguez-Oroz, M.C., Weintraub, D., Krack, P., Deuschl, G. and and the Members of the ICBD in PD Management Consensus Group (2024), Management of Impulse Control and Related Disorders [&hellip;]<\/p>\n","protected":false},"author":1,"featured_media":0,"parent":0,"menu_order":0,"comment_status":"closed","ping_status":"closed","template":"elementor_header_footer","meta":{"footnotes":""},"class_list":["post-14342","page","type-page","status-publish","hentry"],"_links":{"self":[{"href":"https:\/\/fernwerkfilms.ch\/index.php?rest_route=\/wp\/v2\/pages\/14342","targetHints":{"allow":["GET"]}}],"collection":[{"href":"https:\/\/fernwerkfilms.ch\/index.php?rest_route=\/wp\/v2\/pages"}],"about":[{"href":"https:\/\/fernwerkfilms.ch\/index.php?rest_route=\/wp\/v2\/types\/page"}],"author":[{"embeddable":true,"href":"https:\/\/fernwerkfilms.ch\/index.php?rest_route=\/wp\/v2\/users\/1"}],"replies":[{"embeddable":true,"href":"https:\/\/fernwerkfilms.ch\/index.php?rest_route=%2Fwp%2Fv2%2Fcomments&post=14342"}],"version-history":[{"count":37,"href":"https:\/\/fernwerkfilms.ch\/index.php?rest_route=\/wp\/v2\/pages\/14342\/revisions"}],"predecessor-version":[{"id":14529,"href":"https:\/\/fernwerkfilms.ch\/index.php?rest_route=\/wp\/v2\/pages\/14342\/revisions\/14529"}],"wp:attachment":[{"href":"https:\/\/fernwerkfilms.ch\/index.php?rest_route=%2Fwp%2Fv2%2Fmedia&parent=14342"}],"curies":[{"name":"wp","href":"https:\/\/api.w.org\/{rel}","templated":true}]}}