{"id":13433,"date":"2025-08-30T10:48:57","date_gmt":"2025-08-30T10:48:57","guid":{"rendered":"https:\/\/fernwerkfilms.ch\/?page_id=13433"},"modified":"2025-11-11T15:44:33","modified_gmt":"2025-11-11T15:44:33","slug":"evaluation-pd-icd-intervention","status":"publish","type":"page","link":"https:\/\/fernwerkfilms.ch\/?page_id=13433","title":{"rendered":"Evaluation PD-ICD Intervention"},"content":{"rendered":"\t\t<div data-elementor-type=\"wp-page\" data-elementor-id=\"13433\" class=\"elementor elementor-13433\">\n\t\t\t\t<div class=\"elementor-element elementor-element-1d3b52c e-flex e-con-boxed e-con e-parent\" data-id=\"1d3b52c\" data-element_type=\"container\" data-e-type=\"container\">\n\t\t\t\t\t<div class=\"e-con-inner\">\n\t\t\t\t<div class=\"elementor-element elementor-element-5667e041 elementor-widget elementor-widget-spacer\" data-id=\"5667e041\" data-element_type=\"widget\" data-e-type=\"widget\" data-widget_type=\"spacer.default\">\n\t\t\t\t<div class=\"elementor-widget-container\">\n\t\t\t\t\t\t\t<div class=\"elementor-spacer\">\n\t\t\t<div class=\"elementor-spacer-inner\"><\/div>\n\t\t<\/div>\n\t\t\t\t\t\t<\/div>\n\t\t\t\t<\/div>\n\t\t\t\t\t<\/div>\n\t\t\t\t<\/div>\n\t\t<div class=\"elementor-element elementor-element-1668166d e-flex e-con-boxed e-con e-parent\" data-id=\"1668166d\" data-element_type=\"container\" data-e-type=\"container\">\n\t\t\t\t\t<div class=\"e-con-inner\">\n\t\t<div class=\"elementor-element elementor-element-674bf34a e-con-full e-flex e-con e-child\" data-id=\"674bf34a\" data-element_type=\"container\" data-e-type=\"container\">\n\t\t\t\t<div class=\"elementor-element elementor-element-857e4bc elementor-widget elementor-widget-image\" data-id=\"857e4bc\" data-element_type=\"widget\" data-e-type=\"widget\" data-widget_type=\"image.default\">\n\t\t\t\t<div class=\"elementor-widget-container\">\n\t\t\t\t\t\t\t\t\t\t\t\t\t\t\t<img fetchpriority=\"high\" decoding=\"async\" width=\"1024\" height=\"582\" src=\"https:\/\/fernwerkfilms.ch\/wp-content\/uploads\/2025\/10\/QR-1024x582.jpg\" class=\"attachment-large size-large wp-image-13495\" alt=\"\" srcset=\"https:\/\/fernwerkfilms.ch\/wp-content\/uploads\/2025\/10\/QR-1024x582.jpg 1024w, https:\/\/fernwerkfilms.ch\/wp-content\/uploads\/2025\/10\/QR-300x171.jpg 300w, https:\/\/fernwerkfilms.ch\/wp-content\/uploads\/2025\/10\/QR-768x437.jpg 768w, https:\/\/fernwerkfilms.ch\/wp-content\/uploads\/2025\/10\/QR.jpg 1280w\" sizes=\"(max-width: 1024px) 100vw, 1024px\" \/>\t\t\t\t\t\t\t\t\t\t\t\t\t\t\t<\/div>\n\t\t\t\t<\/div>\n\t\t\t\t<\/div>\n\t\t<div class=\"elementor-element elementor-element-6528041d e-con-full e-flex e-con e-child\" data-id=\"6528041d\" data-element_type=\"container\" data-e-type=\"container\">\n\t\t\t\t<div class=\"elementor-element elementor-element-2f2d26b elementor-widget elementor-widget-heading\" data-id=\"2f2d26b\" data-element_type=\"widget\" data-e-type=\"widget\" data-widget_type=\"heading.default\">\n\t\t\t\t<div class=\"elementor-widget-container\">\n\t\t\t\t\t<h2 class=\"elementor-heading-title elementor-size-default\">ParkImpulse\nEvaluation PD-ICD Intervention<\/h2>\t\t\t\t<\/div>\n\t\t\t\t<\/div>\n\t\t\t\t<\/div>\n\t\t<div class=\"elementor-element elementor-element-90a30bc e-con-full e-flex e-con e-child\" data-id=\"90a30bc\" data-element_type=\"container\" data-e-type=\"container\">\n\t\t\t\t<\/div>\n\t\t\t\t\t<\/div>\n\t\t\t\t<\/div>\n\t\t<div class=\"elementor-element elementor-element-460aca9 e-flex e-con-boxed e-con e-parent\" data-id=\"460aca9\" data-element_type=\"container\" data-e-type=\"container\">\n\t\t\t\t\t<div class=\"e-con-inner\">\n\t\t\t\t<div class=\"elementor-element elementor-element-bc14152 elementor-widget elementor-widget-text-editor\" data-id=\"bc14152\" data-element_type=\"widget\" data-e-type=\"widget\" data-widget_type=\"text-editor.default\">\n\t\t\t\t<div class=\"elementor-widget-container\">\n\t\t\t\t\t\t\t\t\t<p class=\"MsoNormal\"><b><span lang=\"DE-CH\" style=\"font-size: 10.0pt; line-height: 115%; mso-bidi-font-family: Arial;\">Umfrage: Dokumentarfilm zu aktuellem<br \/>Gesundheitsthema <\/span><\/b><\/p><p class=\"MsoNormal\"><span lang=\"DE-CH\" style=\"font-size: 10.0pt; line-height: 115%; mso-bidi-font-family: Arial;\">Sehr geehrte Dame, sehr geehrter Herr, <\/span><\/p><p class=\"MsoNormal\"><span lang=\"DE-CH\" style=\"font-size: 10.0pt; line-height: 115%; mso-bidi-font-family: Arial;\">Wir bedanken uns ganz herzlich daf\u00fcr, dass Sie sich dazu entschlossen haben, an dieser Umfrage teilzunehmen! <\/span><\/p><p class=\"MsoNormal\"><b><span lang=\"DE-CH\" style=\"font-size: 10.0pt; line-height: 115%; mso-bidi-font-family: Arial;\">Um was geht es?<\/span><\/b><\/p><p class=\"MsoNormal\"><span lang=\"DE-CH\" style=\"font-size: 10.0pt; line-height: 115%; mso-bidi-font-family: Arial;\">Diese Befragung bietet f\u00fcr Sie die <b>Gelegenheit, <\/b><\/span><span lang=\"DE-CH\" style=\"font-size: 10.0pt; line-height: 115%; mso-bidi-font-family: Arial;\"><b>sich \u00fcber ein aktuelles Gesundheitsthema zu informieren und einen interessanten Dokumentarfilm<\/b> dazu anzuschauen.\u00a0Durch die Auswertung der Befragungsergebnisse soll herausgefunden werden, wie Dokumentarfilme und andere Gesundheitsinformationsinstrumente gezielt verbessert werden k\u00f6nnen. Die Befragungsergebnisse werden so dazu beitragen, dass Unklarheiten und Informationsl\u00fccken abgebaut werden und dadurch Patient:innen und Angeh\u00f6rige in Zukunft besser informiert und unterst\u00fctzt werden k\u00f6nnen.<\/span><\/p><p class=\"MsoNormal\"><b><span lang=\"DE-CH\" style=\"font-size: 10.0pt; line-height: 115%; mso-bidi-font-family: Arial;\">Wer steht hinter dieser Studie?<\/span><\/b><\/p><p class=\"MsoNormal\"><span lang=\"DE-CH\" style=\"font-size: 10.0pt; line-height: 115%; mso-bidi-font-family: Arial;\">Diese Studie steht unter der Leitung von Dr. Ines Debove (<b>Inselspital der Universit\u00e4t Bern, Universit\u00e4tsklinik f\u00fcr Neurologie<\/b>) und wird vom Schweizerischen Nationalfonds f\u00fcr die F\u00f6rderung der Forschung SNF<br \/>finanziell unterst\u00fctzt. Die Befragung wird in Zusammenarbeit mit der<br \/><strong>Fachhochschule Graub\u00fcnden<\/strong> und der Firma <strong>Fernwerk <\/strong>\u00a0durchgef\u00fchrt. <\/span><\/p><p class=\"MsoNormal\"><b><span lang=\"DE-CH\" style=\"font-size: 10.0pt; line-height: 115%; mso-bidi-font-family: Arial;\">Wie lange dauert die Befragung?<\/span><\/b><\/p><p class=\"MsoNormal\"><span lang=\"DE-CH\" style=\"font-size: 10.0pt; line-height: 115%; mso-bidi-font-family: Arial;\">Die Teilnahme an der Studie ben\u00f6tigt insgesamt rund eine Stunde und ist in drei Teile gegliedert (15 Minuten f\u00fcr erste Befragung, 30 Minuten f\u00fcr Dokumentarfilm, 15 Minuten f\u00fcr zweite Befragung). Sie k\u00f6nnen<br \/>w\u00e4hrend dieser Zeit selbstverst\u00e4ndlich <b>Pausen machen<\/b>, sollten das Befragungsfenster aber offen behalten und die Befragung noch am gleichen Tag abschliessen. <\/span><\/p><p class=\"MsoNormal\"><strong><span lang=\"DE-CH\" style=\"font-size: 10.0pt; line-height: 115%; mso-bidi-font-family: Arial;\">Sind Vorkenntnisse notwendig?<\/span><\/strong><\/p><p class=\"MsoNormal\"><span lang=\"DE-CH\" style=\"font-size: 10.0pt; line-height: 115%; mso-bidi-font-family: Arial;\">Nein, es sind keinerlei Vorkenntnisse notwendig. Bitte lesen und beantworten Sie aber alle Fragen sorgf\u00e4ltig. Durch den Dokumentarfilm werden gewisse Kenntnisse vermittelt. Im zweiten Frageteil nach dem Film werden einige Fragen nochmals gestellt, damit wir vergleichen k\u00f6nnen, was sich an Ihrem Wissen ver\u00e4ndert hat.\u00a0<\/span><\/p><p class=\"MsoNormal\"><b><span lang=\"DE-CH\" style=\"font-size: 10.0pt; line-height: 115%; mso-bidi-font-family: Arial;\">Ist die Befragung anonym?<\/span><\/b><\/p><p class=\"MsoNormal\"><span lang=\"DE-CH\" style=\"font-size: 10.0pt; line-height: 115%; mso-bidi-font-family: Arial;\">Wir verpflichten uns, die <b>Anonymit\u00e4t<\/b> der Befragten zu wahren und die Daten <b>streng vertraulich <\/b>zu behandeln. Die Auswertung erfolgt rein statistisch, so dass keinerlei R\u00fcckschl\u00fcsse auf einzelne Personen m\u00f6glich sind. Die Daten werden ausschliesslich f\u00fcr wissenschaftliche Zwecke verwendet und an keine Dritten weitergegeben.<\/span><\/p>\t\t\t\t\t\t\t\t<\/div>\n\t\t\t\t<\/div>\n\t\t<div class=\"elementor-element elementor-element-fee2bbf e-con-full e-flex e-con e-child\" data-id=\"fee2bbf\" data-element_type=\"container\" data-e-type=\"container\">\n\t\t\t\t<div class=\"elementor-element elementor-element-c730d90 elementor-widget elementor-widget-text-editor\" data-id=\"c730d90\" data-element_type=\"widget\" data-e-type=\"widget\" data-widget_type=\"text-editor.default\">\n\t\t\t\t<div class=\"elementor-widget-container\">\n\t\t\t\t\t\t\t\t\t<p><form id=\"forminator-module-13432\" class=\"forminator-custom-form forminator-custom-form-13432\" method=\"post\" data-forminator-render=\"0\" data-uid=\"69e4a218ca46f\"><div role=\"alert\" aria-live=\"polite\" class=\"forminator-response-message forminator-error\" aria-hidden=\"true\"><\/div><\/form><\/p>\t\t\t\t\t\t\t\t<\/div>\n\t\t\t\t<\/div>\n\t\t\t\t<\/div>\n\t\t\t\t\t<\/div>\n\t\t\t\t<\/div>\n\t\t\t\t<\/div>\n\t\t","protected":false},"excerpt":{"rendered":"<p>ParkImpulse Evaluation PD-ICD Intervention Umfrage: Dokumentarfilm zu aktuellemGesundheitsthema Sehr geehrte Dame, sehr geehrter Herr, Wir bedanken uns ganz herzlich daf\u00fcr, dass Sie sich dazu entschlossen haben, an dieser Umfrage teilzunehmen! Um was geht es? Diese Befragung bietet f\u00fcr Sie die Gelegenheit, sich \u00fcber ein aktuelles Gesundheitsthema zu informieren und einen interessanten Dokumentarfilm dazu anzuschauen.\u00a0Durch die [&hellip;]<\/p>\n","protected":false},"author":1,"featured_media":0,"parent":0,"menu_order":0,"comment_status":"closed","ping_status":"closed","template":"elementor_header_footer","meta":{"footnotes":""},"class_list":["post-13433","page","type-page","status-publish","hentry"],"_links":{"self":[{"href":"https:\/\/fernwerkfilms.ch\/index.php?rest_route=\/wp\/v2\/pages\/13433","targetHints":{"allow":["GET"]}}],"collection":[{"href":"https:\/\/fernwerkfilms.ch\/index.php?rest_route=\/wp\/v2\/pages"}],"about":[{"href":"https:\/\/fernwerkfilms.ch\/index.php?rest_route=\/wp\/v2\/types\/page"}],"author":[{"embeddable":true,"href":"https:\/\/fernwerkfilms.ch\/index.php?rest_route=\/wp\/v2\/users\/1"}],"replies":[{"embeddable":true,"href":"https:\/\/fernwerkfilms.ch\/index.php?rest_route=%2Fwp%2Fv2%2Fcomments&post=13433"}],"version-history":[{"count":70,"href":"https:\/\/fernwerkfilms.ch\/index.php?rest_route=\/wp\/v2\/pages\/13433\/revisions"}],"predecessor-version":[{"id":13825,"href":"https:\/\/fernwerkfilms.ch\/index.php?rest_route=\/wp\/v2\/pages\/13433\/revisions\/13825"}],"wp:attachment":[{"href":"https:\/\/fernwerkfilms.ch\/index.php?rest_route=%2Fwp%2Fv2%2Fmedia&parent=13433"}],"curies":[{"name":"wp","href":"https:\/\/api.w.org\/{rel}","templated":true}]}}